{"id":3,"date":"2025-04-24T14:23:56","date_gmt":"2025-04-24T14:23:56","guid":{"rendered":"https:\/\/viva-waiblingen.de\/?page_id=3"},"modified":"2025-06-24T08:56:00","modified_gmt":"2025-06-24T08:56:00","slug":"privacy-policy","status":"publish","type":"page","link":"https:\/\/viva-waiblingen.de\/?page_id=3","title":{"rendered":"Impressum"},"content":{"rendered":"\t\t<div data-elementor-type=\"wp-page\" data-elementor-id=\"3\" class=\"elementor elementor-3\" data-elementor-settings=\"{&quot;element_pack_global_tooltip_width&quot;:{&quot;unit&quot;:&quot;px&quot;,&quot;size&quot;:&quot;&quot;,&quot;sizes&quot;:[]},&quot;element_pack_global_tooltip_width_tablet&quot;:{&quot;unit&quot;:&quot;px&quot;,&quot;size&quot;:&quot;&quot;,&quot;sizes&quot;:[]},&quot;element_pack_global_tooltip_width_mobile&quot;:{&quot;unit&quot;:&quot;px&quot;,&quot;size&quot;:&quot;&quot;,&quot;sizes&quot;:[]},&quot;element_pack_global_tooltip_padding&quot;:{&quot;unit&quot;:&quot;px&quot;,&quot;top&quot;:&quot;&quot;,&quot;right&quot;:&quot;&quot;,&quot;bottom&quot;:&quot;&quot;,&quot;left&quot;:&quot;&quot;,&quot;isLinked&quot;:true},&quot;element_pack_global_tooltip_padding_tablet&quot;:{&quot;unit&quot;:&quot;px&quot;,&quot;top&quot;:&quot;&quot;,&quot;right&quot;:&quot;&quot;,&quot;bottom&quot;:&quot;&quot;,&quot;left&quot;:&quot;&quot;,&quot;isLinked&quot;:true},&quot;element_pack_global_tooltip_padding_mobile&quot;:{&quot;unit&quot;:&quot;px&quot;,&quot;top&quot;:&quot;&quot;,&quot;right&quot;:&quot;&quot;,&quot;bottom&quot;:&quot;&quot;,&quot;left&quot;:&quot;&quot;,&quot;isLinked&quot;:true},&quot;element_pack_global_tooltip_border_radius&quot;:{&quot;unit&quot;:&quot;px&quot;,&quot;top&quot;:&quot;&quot;,&quot;right&quot;:&quot;&quot;,&quot;bottom&quot;:&quot;&quot;,&quot;left&quot;:&quot;&quot;,&quot;isLinked&quot;:true},&quot;element_pack_global_tooltip_border_radius_tablet&quot;:{&quot;unit&quot;:&quot;px&quot;,&quot;top&quot;:&quot;&quot;,&quot;right&quot;:&quot;&quot;,&quot;bottom&quot;:&quot;&quot;,&quot;left&quot;:&quot;&quot;,&quot;isLinked&quot;:true},&quot;element_pack_global_tooltip_border_radius_mobile&quot;:{&quot;unit&quot;:&quot;px&quot;,&quot;top&quot;:&quot;&quot;,&quot;right&quot;:&quot;&quot;,&quot;bottom&quot;:&quot;&quot;,&quot;left&quot;:&quot;&quot;,&quot;isLinked&quot;:true}}\">\n\t\t\t\t<div class=\"elementor-element elementor-element-f9164b8 e-flex e-con-boxed e-con e-parent\" data-id=\"f9164b8\" data-element_type=\"container\">\n\t\t\t\t\t<div class=\"e-con-inner\">\n\t\t\t\t<div class=\"elementor-element elementor-element-2ae1d2b9 elementor-widget elementor-widget-text-editor\" data-id=\"2ae1d2b9\" data-element_type=\"widget\" data-widget_type=\"text-editor.default\">\n\t\t\t\t<div class=\"elementor-widget-container\">\n\t\t\t\t\t\t\t\t\t<div class=\"elementor elementor-6273\" data-elementor-type=\"wp-page\" data-elementor-id=\"6273\" data-elementor-settings=\"[]\">\n<div class=\"elementor-inner\">\n<div class=\"elementor-section-wrap\">\n<section class=\"elementor-section elementor-top-section elementor-element elementor-element-9c7dc1e elementor-section-boxed elementor-section-height-default elementor-section-height-default\" data-id=\"9c7dc1e\" data-element_type=\"section\">\n<div class=\"elementor-container elementor-column-gap-default\">\n<div class=\"elementor-row\">\n<div class=\"aux-parallax-section elementor-column elementor-col-100 elementor-top-column elementor-element elementor-element-930aa74\" data-id=\"930aa74\" data-element_type=\"column\">\n<div class=\"elementor-column-wrap elementor-element-populated\">\n<div class=\"elementor-widget-wrap\">\n<div class=\"elementor-element elementor-element-e90099c elementor-widget elementor-widget-text-editor\" data-id=\"e90099c\" data-element_type=\"widget\" data-widget_type=\"text-editor.default\">\n<div class=\"elementor-widget-container\">\n<div class=\"elementor-text-editor elementor-clearfix\">\n<div class=\"wpb_column pos-top pos-center align_left column_parent col-lg-12 single-internal-gutter\">\n<div class=\"uncol style-light\">\n<div class=\"uncoltable\">\n<div class=\"uncell no-block-padding\">\n<div class=\"uncont\">\n<div class=\"uncode_text_column\">\n<h2>Impressum<\/h2>\n<h3>Verantwortlicher im Sinne des \u00a75 TMG:<\/h3>\n<p>HEINRICH WOHNBAU GMBH<br \/>Gesch\u00e4ftsf\u00fchrer: Gerd Heinrich<br \/>Gesch\u00e4ftsf\u00fchrerin: Tina Holzwarth<br \/>Gesch\u00e4ftsf\u00fchrer: Marco Heinrich<\/p>\n<p>Heppacher Str. 39, 71404 Korb<br \/>Tel: (0 71 51) 9 39 01-0<br \/>Fax: (0 71 51) 9 39 01-39<br \/>info@HEINRICHIMMOBILIEN.de<\/p>\n<h3>Gewerbebeh\u00f6rde:<\/h3>\n<p>Gemeinde Korb, Gewerbeamt<\/p>\n<h3>Registereintrag<\/h3>\n<p>Amtsgericht: Stuttgart<br \/>HRB 26 27 89<\/p>\n<p>Umsatzsteuer-Identifikationsnummer gem\u00e4\u00df \u00a727 a Umsatzsteuergesetz:<br \/>Ust-Id-Nr: DE 147 846 182<\/p>\n<h3>Aufsichtsbeh\u00f6rde:<\/h3>\n<p>Zust\u00e4ndige Aufsichtsbeh\u00f6rde f\u00fcr die T\u00e4tigkeit nach \u00a7 34c GewO:<br \/>IHK Region Stuttgart, J\u00e4gerstr. 30, 70174 Stuttgart<\/p>\n<h3>Rechtliche Hinweise zum Urheberrecht<\/h3>\n<p>Das Layout der Homepage, die verwendeten Grafiken sowie die sonstigen Inhalte sind urheberrechtlich gesch\u00fctzt.<\/p>\n<p>\u00a9 HEINRICH WOHNBAU GMBH<\/p>\n<h3>Rechtliche Hinweise zur Haftung<\/h3>\n<p>Die HEINRICH IMMOBILIEN GMBH (nachfolgend Anbieter genannt) ist um Richtigkeit und Aktualit\u00e4t der auf dieser Internetpr\u00e4senz bereitgestellten Informationen bem\u00fcht. Trotzdem k\u00f6nnen Fehler und Unklarheiten nicht vollst\u00e4ndig ausgeschlossen werden. Der Anbieter \u00fcbernimmt deshalb keine Gew\u00e4hr f\u00fcr die Aktualit\u00e4t, Richtigkeit, Vollst\u00e4ndigkeit oder Qualit\u00e4t der bereit gestellten Informationen. F\u00fcr Sch\u00e4den materieller oder immaterieller Art, die durch die Nutzung oder Nichtnutzung der dargebotenen Informationen bzw. durch die Nutzung fehlerhafter und unvollst\u00e4ndiger Informationen unmittelbar oder mittelbar verursacht werden, haftet der Anbieter nicht, sofern ihm nicht nachweislich vors\u00e4tzliches oder grob fahrl\u00e4ssiges Verschulden zur Last f\u00e4llt. Gleiches gilt f\u00fcr kostenlos zum Download bereitgehaltene Software. Der Anbieter beh\u00e4lt es sich vor, Teile des Internetangebots oder das gesamte Angebot ohne gesonderte Ank\u00fcndigung zu ver\u00e4ndern, zu erg\u00e4nzen, zu l\u00f6schen oder die Ver\u00f6ffentlichung zeitweise oder endg\u00fcltig einzustellen. Die Verantwortlichkeit f\u00fcr \u201efremde Inhalte\u201c, die beispielsweise durch direkte oder indirekte Verkn\u00fcpfungen (z.B. so genannte \u201eLinks\u201c) zu anderen Anbietern bereitgehalten werden, setzt unter anderem positive Kenntnis des rechtswidrigen bzw. strafbaren Inhaltes voraus. \u201eFremde Inhalte\u201c sind in geeigneter Weise gekennzeichnet. Der Anbieter hat auf \u201efremde Inhalte\u201c keinerlei Einfluss und macht sich diese Inhalte auch nicht zu Eigen. Der Anbieter hat keine positive Kenntnis \u00fcber rechtswidrige Inhalte auf den verkn\u00fcpften Seiten fremder Anbieter. Sollten auf den verkn\u00fcpften Seiten fremder Anbieter dennoch rechtswidrige Inhalte enthalten sein, so distanziert sich der Anbieter von diesen Inhalten ausdr\u00fccklich.<\/p>\n<h3>Ombudsmann Immobilien IVD\/VPB \u2013 Informationspflicht nach \u00a7 36 VSBG<\/h3>\n<p>Der Immobilienverband Deutschland IVD e.V. hat mit Beteiligung des Verbraucherverbandes Verband Privater Bauherren e.V. (VPB) eine Schlichtungsstelle nach Ma\u00dfgabe des Verbraucherstreitbeilegungsgesetzes (VSBG) eingerichtet. Vor der Schlichtungsstelle k\u00f6nnen u. a. Streitigkeiten zwischen Verbrauchern und Mitgliedern des IVD in einem au\u00dfergerichtlichen Schlichtungsverfahren beigelegt werden.<br \/>Die (Firma IVD Mitglied) ist Mitglied im IVD und aufgrund der Satzung des IVD verpflichtet, gegen\u00fcber der Ombudsstelle eine schriftliche Stellungnahme abzugeben, wenn diese ein Verfahren einleitet. An Schlichtungsverfahren bei anderen Schlichtungsstellen nimmt die (Firma IVD Mitglied) grunds\u00e4tzlich nicht teil.<br \/>Die Anschrift der Schlichtungsstelle des IVD lautet: Ombudsmann Immobilien IVD\/VPB \u2013 Grunderwerb und -verwaltung, Littenstra\u00dfe 10, 10179 Berlin. Weitere Informationen zur Schlichtungsstelle (z.B. weitere Kommunikationsdaten, Verfahrensordnung) erhalten Sie unter http:\/\/www.ombudsmann-immobilien.net.<\/p>\n<h3>Online-Streitbeilegung gem\u00e4\u00df Art. 14 Abs. 1 ODR-VO<\/h3>\n<p>Die Europ\u00e4ische Kommission stellt eine Plattform zur Online-Streitbeilegung (OS) bereit, die Sie hier finden: http:\/\/ec.europa.eu\/consumers\/odr.<\/p>\n<\/div>\n<\/div>\n<\/div>\n<\/div>\n<\/div>\n<\/div>\n<\/div>\n<\/div>\n<\/div>\n<\/div>\n<\/div>\n<\/div>\n<\/div>\n<\/div>\n<\/section>\n<\/div>\n<\/div>\n<\/div>\n<div class=\"clear\">\u00a0<\/div>\t\t\t\t\t\t\t\t<\/div>\n\t\t\t\t<\/div>\n\t\t\t\t\t<\/div>\n\t\t\t\t<\/div>\n\t\t\t\t<\/div>\n\t\t","protected":false},"excerpt":{"rendered":"<p>Impressum Verantwortlicher im Sinne des \u00a75 TMG: HEINRICH WOHNBAU GMBHGesch\u00e4ftsf\u00fchrer: Gerd HeinrichGesch\u00e4ftsf\u00fchrerin: Tina HolzwarthGesch\u00e4ftsf\u00fchrer: Marco Heinrich Heppacher Str. 39, 71404 KorbTel: (0 71 51) 9 39 01-0Fax: (0 71 51) 9 39 01-39info@HEINRICHIMMOBILIEN.de Gewerbebeh\u00f6rde: Gemeinde Korb, Gewerbeamt Registereintrag Amtsgericht: StuttgartHRB 26 27 89 Umsatzsteuer-Identifikationsnummer gem\u00e4\u00df \u00a727 a Umsatzsteuergesetz:Ust-Id-Nr: DE 147 846 182 Aufsichtsbeh\u00f6rde: Zust\u00e4ndige Aufsichtsbeh\u00f6rde [&hellip;]<\/p>\n","protected":false},"author":1,"featured_media":0,"parent":0,"menu_order":0,"comment_status":"closed","ping_status":"open","template":"","meta":{"footnotes":""},"class_list":["post-3","page","type-page","status-publish","hentry"],"yoast_head":"<!-- This site is optimized with the Yoast SEO plugin v25.3.1 - https:\/\/yoast.com\/wordpress\/plugins\/seo\/ -->\n<title>Impressum - Leben im Herzen von Waiblingen<\/title>\n<meta name=\"robots\" content=\"index, follow, max-snippet:-1, max-image-preview:large, max-video-preview:-1\" \/>\n<link rel=\"canonical\" href=\"https:\/\/viva-waiblingen.de\/?page_id=3\" \/>\n<meta property=\"og:locale\" content=\"de_DE\" \/>\n<meta property=\"og:type\" content=\"article\" \/>\n<meta property=\"og:title\" content=\"Impressum - Leben im Herzen von Waiblingen\" \/>\n<meta property=\"og:description\" content=\"Impressum Verantwortlicher im Sinne des \u00a75 TMG: HEINRICH WOHNBAU GMBHGesch\u00e4ftsf\u00fchrer: Gerd HeinrichGesch\u00e4ftsf\u00fchrerin: Tina HolzwarthGesch\u00e4ftsf\u00fchrer: Marco Heinrich Heppacher Str. 39, 71404 KorbTel: (0 71 51) 9 39 01-0Fax: (0 71 51) 9 39 01-39info@HEINRICHIMMOBILIEN.de Gewerbebeh\u00f6rde: Gemeinde Korb, Gewerbeamt Registereintrag Amtsgericht: StuttgartHRB 26 27 89 Umsatzsteuer-Identifikationsnummer gem\u00e4\u00df \u00a727 a Umsatzsteuergesetz:Ust-Id-Nr: DE 147 846 182 Aufsichtsbeh\u00f6rde: Zust\u00e4ndige Aufsichtsbeh\u00f6rde [&hellip;]\" \/>\n<meta property=\"og:url\" content=\"https:\/\/viva-waiblingen.de\/?page_id=3\" \/>\n<meta property=\"og:site_name\" content=\"Leben im Herzen von Waiblingen\" \/>\n<meta property=\"article:modified_time\" content=\"2025-06-24T08:56:00+00:00\" \/>\n<meta name=\"twitter:card\" content=\"summary_large_image\" \/>\n<meta name=\"twitter:label1\" content=\"Gesch\u00e4tzte Lesezeit\" \/>\n\t<meta name=\"twitter:data1\" content=\"2\u00a0Minuten\" \/>\n<script type=\"application\/ld+json\" class=\"yoast-schema-graph\">{\"@context\":\"https:\/\/schema.org\",\"@graph\":[{\"@type\":\"WebPage\",\"@id\":\"https:\/\/viva-waiblingen.de\/?page_id=3\",\"url\":\"https:\/\/viva-waiblingen.de\/?page_id=3\",\"name\":\"Impressum - Leben im Herzen von Waiblingen\",\"isPartOf\":{\"@id\":\"https:\/\/viva-waiblingen.de\/#website\"},\"datePublished\":\"2025-04-24T14:23:56+00:00\",\"dateModified\":\"2025-06-24T08:56:00+00:00\",\"breadcrumb\":{\"@id\":\"https:\/\/viva-waiblingen.de\/?page_id=3#breadcrumb\"},\"inLanguage\":\"de\",\"potentialAction\":[{\"@type\":\"ReadAction\",\"target\":[\"https:\/\/viva-waiblingen.de\/?page_id=3\"]}]},{\"@type\":\"BreadcrumbList\",\"@id\":\"https:\/\/viva-waiblingen.de\/?page_id=3#breadcrumb\",\"itemListElement\":[{\"@type\":\"ListItem\",\"position\":1,\"name\":\"Startseite\",\"item\":\"https:\/\/viva-waiblingen.de\/\"},{\"@type\":\"ListItem\",\"position\":2,\"name\":\"Impressum\"}]},{\"@type\":\"WebSite\",\"@id\":\"https:\/\/viva-waiblingen.de\/#website\",\"url\":\"https:\/\/viva-waiblingen.de\/\",\"name\":\"VIVA Waiblingen - Leben im Herzen von Waiblingen\",\"description\":\"\",\"publisher\":{\"@id\":\"https:\/\/viva-waiblingen.de\/#organization\"},\"potentialAction\":[{\"@type\":\"SearchAction\",\"target\":{\"@type\":\"EntryPoint\",\"urlTemplate\":\"https:\/\/viva-waiblingen.de\/?s={search_term_string}\"},\"query-input\":{\"@type\":\"PropertyValueSpecification\",\"valueRequired\":true,\"valueName\":\"search_term_string\"}}],\"inLanguage\":\"de\"},{\"@type\":\"Organization\",\"@id\":\"https:\/\/viva-waiblingen.de\/#organization\",\"name\":\"HEINRICH WOHNBAU GMBH\",\"url\":\"https:\/\/viva-waiblingen.de\/\",\"logo\":{\"@type\":\"ImageObject\",\"inLanguage\":\"de\",\"@id\":\"https:\/\/viva-waiblingen.de\/#\/schema\/logo\/image\/\",\"url\":\"https:\/\/viva-waiblingen.de\/wp-content\/uploads\/2025\/04\/loog_viva_wn.svg\",\"contentUrl\":\"https:\/\/viva-waiblingen.de\/wp-content\/uploads\/2025\/04\/loog_viva_wn.svg\",\"width\":390,\"height\":169,\"caption\":\"HEINRICH WOHNBAU GMBH\"},\"image\":{\"@id\":\"https:\/\/viva-waiblingen.de\/#\/schema\/logo\/image\/\"}}]}<\/script>\n<!-- \/ Yoast SEO plugin. -->","yoast_head_json":{"title":"Impressum - Leben im Herzen von Waiblingen","robots":{"index":"index","follow":"follow","max-snippet":"max-snippet:-1","max-image-preview":"max-image-preview:large","max-video-preview":"max-video-preview:-1"},"canonical":"https:\/\/viva-waiblingen.de\/?page_id=3","og_locale":"de_DE","og_type":"article","og_title":"Impressum - Leben im Herzen von Waiblingen","og_description":"Impressum Verantwortlicher im Sinne des \u00a75 TMG: HEINRICH WOHNBAU GMBHGesch\u00e4ftsf\u00fchrer: Gerd HeinrichGesch\u00e4ftsf\u00fchrerin: Tina HolzwarthGesch\u00e4ftsf\u00fchrer: Marco Heinrich Heppacher Str. 39, 71404 KorbTel: (0 71 51) 9 39 01-0Fax: (0 71 51) 9 39 01-39info@HEINRICHIMMOBILIEN.de Gewerbebeh\u00f6rde: Gemeinde Korb, Gewerbeamt Registereintrag Amtsgericht: StuttgartHRB 26 27 89 Umsatzsteuer-Identifikationsnummer gem\u00e4\u00df \u00a727 a Umsatzsteuergesetz:Ust-Id-Nr: DE 147 846 182 Aufsichtsbeh\u00f6rde: Zust\u00e4ndige Aufsichtsbeh\u00f6rde [&hellip;]","og_url":"https:\/\/viva-waiblingen.de\/?page_id=3","og_site_name":"Leben im Herzen von Waiblingen","article_modified_time":"2025-06-24T08:56:00+00:00","twitter_card":"summary_large_image","twitter_misc":{"Gesch\u00e4tzte Lesezeit":"2\u00a0Minuten"},"schema":{"@context":"https:\/\/schema.org","@graph":[{"@type":"WebPage","@id":"https:\/\/viva-waiblingen.de\/?page_id=3","url":"https:\/\/viva-waiblingen.de\/?page_id=3","name":"Impressum - Leben im Herzen von Waiblingen","isPartOf":{"@id":"https:\/\/viva-waiblingen.de\/#website"},"datePublished":"2025-04-24T14:23:56+00:00","dateModified":"2025-06-24T08:56:00+00:00","breadcrumb":{"@id":"https:\/\/viva-waiblingen.de\/?page_id=3#breadcrumb"},"inLanguage":"de","potentialAction":[{"@type":"ReadAction","target":["https:\/\/viva-waiblingen.de\/?page_id=3"]}]},{"@type":"BreadcrumbList","@id":"https:\/\/viva-waiblingen.de\/?page_id=3#breadcrumb","itemListElement":[{"@type":"ListItem","position":1,"name":"Startseite","item":"https:\/\/viva-waiblingen.de\/"},{"@type":"ListItem","position":2,"name":"Impressum"}]},{"@type":"WebSite","@id":"https:\/\/viva-waiblingen.de\/#website","url":"https:\/\/viva-waiblingen.de\/","name":"VIVA Waiblingen - Leben im Herzen von Waiblingen","description":"","publisher":{"@id":"https:\/\/viva-waiblingen.de\/#organization"},"potentialAction":[{"@type":"SearchAction","target":{"@type":"EntryPoint","urlTemplate":"https:\/\/viva-waiblingen.de\/?s={search_term_string}"},"query-input":{"@type":"PropertyValueSpecification","valueRequired":true,"valueName":"search_term_string"}}],"inLanguage":"de"},{"@type":"Organization","@id":"https:\/\/viva-waiblingen.de\/#organization","name":"HEINRICH WOHNBAU GMBH","url":"https:\/\/viva-waiblingen.de\/","logo":{"@type":"ImageObject","inLanguage":"de","@id":"https:\/\/viva-waiblingen.de\/#\/schema\/logo\/image\/","url":"https:\/\/viva-waiblingen.de\/wp-content\/uploads\/2025\/04\/loog_viva_wn.svg","contentUrl":"https:\/\/viva-waiblingen.de\/wp-content\/uploads\/2025\/04\/loog_viva_wn.svg","width":390,"height":169,"caption":"HEINRICH WOHNBAU GMBH"},"image":{"@id":"https:\/\/viva-waiblingen.de\/#\/schema\/logo\/image\/"}}]}},"_links":{"self":[{"href":"https:\/\/viva-waiblingen.de\/index.php?rest_route=\/wp\/v2\/pages\/3","targetHints":{"allow":["GET"]}}],"collection":[{"href":"https:\/\/viva-waiblingen.de\/index.php?rest_route=\/wp\/v2\/pages"}],"about":[{"href":"https:\/\/viva-waiblingen.de\/index.php?rest_route=\/wp\/v2\/types\/page"}],"author":[{"embeddable":true,"href":"https:\/\/viva-waiblingen.de\/index.php?rest_route=\/wp\/v2\/users\/1"}],"replies":[{"embeddable":true,"href":"https:\/\/viva-waiblingen.de\/index.php?rest_route=%2Fwp%2Fv2%2Fcomments&post=3"}],"version-history":[{"count":7,"href":"https:\/\/viva-waiblingen.de\/index.php?rest_route=\/wp\/v2\/pages\/3\/revisions"}],"predecessor-version":[{"id":802,"href":"https:\/\/viva-waiblingen.de\/index.php?rest_route=\/wp\/v2\/pages\/3\/revisions\/802"}],"wp:attachment":[{"href":"https:\/\/viva-waiblingen.de\/index.php?rest_route=%2Fwp%2Fv2%2Fmedia&parent=3"}],"curies":[{"name":"wp","href":"https:\/\/api.w.org\/{rel}","templated":true}]}}